{"id":18,"date":"2013-12-19T15:57:21","date_gmt":"2013-12-19T14:57:21","guid":{"rendered":"http:\/\/samsondunlop.com\/?page_id=18"},"modified":"2025-10-24T22:03:57","modified_gmt":"2025-10-24T21:03:57","slug":"publications","status":"publish","type":"page","link":"https:\/\/samsondunlop.com\/?page_id=18","title":{"rendered":"Publications"},"content":{"rendered":"<p><strong>Livres<\/strong><br \/>\n:: <a href=\"https:\/\/ecosociete.org\/livres\/comment-les-paradis-fiscaux-ont-ruine-mon-petit-dejeuner\"><em>Comment les paradis fiscaux ont ruin\u00e9 mon petit-d\u00e9jeuner<\/em><\/a>, \u00c9cosoci\u00e9t\u00e9, 2019<br \/>\n:: <i><a href=\"http:\/\/www.mauvaisetete.com\/?p=49\">Poulet grain-grain<\/a><\/i>, La Mauvaise t\u00eate, 2013**<br \/>\n:: <a href=\"http:\/\/www.mauvaisetete.com\/?p=67\"><i>Pinkerton<\/i><\/a>, Collection Colosse, 2011 \/ La Mauvaise t\u00eate, 2012**<\/p>\n<p><strong>A titre d&rsquo;illustrateur<\/strong><\/p>\n<p>:: <a href=\"https:\/\/ciso.qc.ca\/\"><em>D\u00e9connexion : autopsie sociale et environnementale du num\u00e9rique<\/em><\/a> de Centre international de solidarit\u00e9 ouvri\u00e8re (CISO), 2025<br \/>\n:: <em>Chasse aux indices<\/em> de Martine Latulippe, Bayard Canada, 2025<br \/>\n:: <em>Petite plante deviendra monstre<\/em> d&rsquo;Emilie Rivard, Bayard Canada, 2023<\/p>\n<p style=\"text-align: left;\"><b>Fanzines \/ Recueils \/ Kinozine<\/b><br \/>\n:: <a href=\"https:\/\/samsondunlop.com\/?p=22076\"><em>\u00c0 propos du travail<\/em><\/a> (sur des mots d&rsquo;Alain Deneault), autoproduit, 2019<br \/>\n:: <em>Douze amertumes de trop<\/em>, autoproduit, 2015**<br \/>\n:: <i><a href=\"http:\/\/collectioncolosse.com\/fr\/ouvrages\/ncc_062\/\">Frankeneisenstein<\/a><\/i>, Collection Colosse, 2013**<br \/>\n:: <em>Douze autres amertumes<\/em>, autoproduit, 2013**<br \/>\n:: <i>Feu sur le g\u00e9n\u00e9ral Cartier<\/i>, kinozine autoproduit, 2013<br \/>\n:: <i><a href=\"http:\/\/collectioncolosse.com\/fr\/ouvrages\/ncc_052\/\">L&rsquo;arch\u00e9ologie du tiroir<\/a><\/i>, Collection Colosse, 2012**<br \/>\n:: <i><a href=\"http:\/\/collectioncolosse.com\/fr\/ouvrages\/cpas_006\/\">Douze nouvelles amertumes<\/a><\/i>, autoproduit, 2012**<br \/>\n:: <i><a href=\"http:\/\/collectioncolosse.com\/fr\/ouvrages\/cpas_005\/\">Douze amertumes<\/a><\/i>, autoproduit, 2011**<br \/>\n:: <a href=\"http:\/\/francoisdunlop.blogspot.ca\/2012\/06\/test.html\"><i>Philadelphie \u2014 Une histoire sans complexe<\/i><\/a>, Collection Colosse, 2011<br \/>\n:: <i>Noir les horreurs<\/i>, autoproduit, 2010**<\/p>\n<p style=\"text-align: left;\">Revue : <strong>Planches<br \/>\n<\/strong><\/p>\n<p>::\u00a0<a href=\"https:\/\/revueplanches.com\/produit\/numero-22\/\">no 22<\/a>, Chronique <em>Contes pour enfant revisit\u00e9s<\/em>,\u00a0 Ao\u00fbt 2025<br \/>\n::\u00a0<a href=\"https:\/\/revueplanches.com\/produit\/numero-19\/\">no 19<\/a>, Chronique <em>Contes pour enfant revisit\u00e9s<\/em>,\u00a0 Mai 2024<br \/>\n::\u00a0<a href=\"http:\/\/revueplanches.com\/produit\/numero-14\/\">no 15<\/a>, Chronique\u00a0<em>Sport et (un peu de) soci\u00e9t\u00e9<\/em>,\u00a0 Juin 2019<br \/>\n::\u00a0<a href=\"http:\/\/revueplanches.com\/produit\/numero-14\/\">no 14<\/a>, Chronique\u00a0<em>Sport et (un peu de) soci\u00e9t\u00e9<\/em>,\u00a0 Janvier 2019<strong><br \/>\n<\/strong>::\u00a0<a href=\"http:\/\/revueplanches.com\/planches\/planches-numero-13\/\">no 13<\/a>, Chronique\u00a0<em>Sport et (un peu de) soci\u00e9t\u00e9<\/em>, \u00a0D\u00e9cembre 2017<br \/>\n::\u00a0<a href=\"http:\/\/revueplanches.com\/planches\/planches-numero-12\/\">no 12<\/a>, Chronique\u00a0<em>Sport et (un peu de) soci\u00e9t\u00e9<\/em>, \u00a0Septembre 2017<br \/>\n:: <a href=\"http:\/\/revueplanches.com\/planches\/planches-numero-11\/\">no 11<\/a>, Chronique <em>Jeux vid\u00e9o et syndicalisme<\/em>, \u00a0Juin 2017<br \/>\n:: <a href=\"http:\/\/revueplanches.com\/planches\/numero-10\/\">no 10<\/a>, Chronique <em>Sport et (un peu de) soci\u00e9t\u00e9<\/em>, Avril 2017<br \/>\n:: <a href=\"http:\/\/revueplanches.com\/planches\/numero-09\/\">no 09<\/a>, Chronique <em>Sport et (un peu de) soci\u00e9t\u00e9<\/em>, D\u00e9cembre 2016<br \/>\n:: <a href=\"http:\/\/revueplanches.com\/planches\/planches-numero-08\/\">no 08<\/a>, Chronique <em>Sport et (un peu de) soci\u00e9t\u00e9<\/em>, Septembre 2016<br \/>\n:: <a href=\"http:\/\/revueplanches.com\/planches\/planches-07\/\">no 07<\/a>, Chronique <em>Sport et (un peu de) soci\u00e9t\u00e9<\/em>, Printemps 2016<br \/>\n:: <a href=\"http:\/\/revueplanches.com\/annonces\/numero-06\/\">no 06<\/a>, Chronique <em>Sport et (un peu de) soci\u00e9t\u00e9<\/em>, Hiver 2016<br \/>\n:: <a href=\"http:\/\/revueplanches.com\/annonces\/planches-04\/\">no 04<\/a>, Chronique <em>Politique<\/em>, \u00c9t\u00e9 2015**<br \/>\n:: <a href=\"http:\/\/revueplanches.com\/planches\/planches-03\/\">no 03<\/a>, Chronique <em>Politique<\/em>, Printemps 2015**<br \/>\n:: <a href=\"http:\/\/revueplanches.com\/planches\/planches-02\/\">no 02<\/a>, Chronique <em>Politique<\/em>, Hiver 2015**<br \/>\n:: <a href=\"http:\/\/revueplanches.com\/planches\/planches-01\/\">no 01<\/a>, Chronique <em>Politique<\/em>, Automne 2014**<\/p>\n<p style=\"text-align: left;\">Revue : <b>24images<\/b><br \/>\n:: no 165, <i>50 ans de l&rsquo;art vid\u00e9o<\/i>, d\u00e9cembre 2013- janvier 2014**<br \/>\n:: no 164, <i>30 films \u00e0 ne pas manquer cet automne<\/i>, octobre-novembre 2013**<br \/>\n:: <a href=\"http:\/\/revue24images.com\/blogues-article-detail\/1469\">no 163, <i>100 cin\u00e9astes qui font le cin\u00e9ma contemporain<\/i>, septembre 2013<\/a>**<br \/>\n:: no 162, <i>Industrie en crise, cin\u00e9ma en mutation<\/i>, juin-juillet 2013**<br \/>\n:: no 161, <i>O\u00f9 sont les utopies du cin\u00e9ma?<\/i>, mars 2013**<br \/>\n:: no 158, <i>Visages du cin\u00e9ma politique<\/i>, ao\u00fbt 2012**<br \/>\n:: no 150, <i>Dossier Alain Resnais<\/i>, d\u00e9cembre 2010 &#8211; janvier 2011**<br \/>\n:: no 146, <i>Cin\u00e9ma qu\u00e9b\u00e9cois : entre incertitudes et espoir<\/i>, avril 2010**<\/p>\n<p style=\"text-align: left;\">Revue : <b>Libert\u00e9<\/b><br \/>\n:: no 302, <i>R\u00e9tro, les classes sociales?<\/i>, hiver 2014**<br \/>\n:: no 300, <i>Nous ne sommes pas seuls<\/i>, \u00e9t\u00e9 2013**<\/p>\n<p>Revue : <b>Kal\u00e9idoscope<\/b><br \/>\n:: <a href=\"http:\/\/issuu.com\/kaleidoscope0\/docs\/revuekv_15_5-30_f_low\"><em>L&rsquo;Aust\u00e9rit\u00e9 en r\u00e9gion : entre r\u00e9sistance et r\u00e9silience<\/em><\/a>, printemps 2015<br \/>\n:: <a href=\"http:\/\/www.mediak.ca\/exprimez-vous.aspx\"><em>Le d\u00e9veloppement collectif dans l&rsquo;espace public<\/em><\/a>, automne 2014<\/p>\n<p style=\"text-align: left;\"><b>Collectifs \/ Autres revues<\/b><br \/>\n:: <em>X<\/em>, Presses du FBDM, collectif, 2021<br \/>\n:: Journal du Centre des travailleuses et travailleurs immigrants, 2016<br \/>\n:: <a href=\"http:\/\/issuu.com\/laurentboutin\/docs\/laurent_avec_couvertures\/0\">30 ans de Laurent Boutin<\/a>, collectif, 2014**<br \/>\n:: <a href=\"http:\/\/jimmybeaulieu.com\/livres\/tu_mas_menti_digital-leg.pdf\"><i>Tu m&rsquo;as menti<\/i><\/a>, 2013**<br \/>\n:: <a href=\"http:\/\/collectioncolosse.com\/fr\/ouvrages\/ncc_055\/\"><i>Houba Plus<\/i><\/a>, Collection Colosse, 2013<br \/>\n:: <a href=\"http:\/\/douzepouces.com\/wordpress\/?page_id=6691\"><i>Tout va bien<\/i><\/a>, no 1-13, 2009-2013<br \/>\n:: <i>Le Bob<\/i>, no 25, 2013<br \/>\n:: <a href=\"http:\/\/aencre.org\/blog\/2012\/depasser-la-ligne\"><i>D\u00e9passer la ligne<\/i><\/a>, 2012**<br \/>\n:: <i>Fonte<\/i>, no 0-8,10, 2012**<br \/>\n:: <a href=\"http:\/\/hausse.aencre.org\/\"><i>La hausse en question : 8 arguments<\/i><\/a>, 2012**<br \/>\n:: <a href=\"http:\/\/www.48h.aencre.org\/pdf\/48H_2011_web.pdf\"><i>48 heures de la BD de Montr\u00e9al<\/i><\/a>, journal, 2011<br \/>\n:: <a href=\"http:\/\/www.48hbdmontreal.com\/pdf\/48H_2010_web.pdf\"><i>48 heures de la BD de Montr\u00e9al<\/i><\/a>, journal, 2010<br \/>\n:: <i>Vestibulles<\/i>, mai 2008<br \/>\n<b><br \/>\nChroniques web \/ projets web<\/b><br \/>\n:: <a href=\"http:\/\/sommet.aencre.org\/\"><i>Point de fuite au sommet<\/i><\/a>, 2013**<br \/>\n:: <a href=\"http:\/\/manif.aencre.org\/\"><i>#bonhommesencours<\/i><\/a>, 2012<br \/>\n:: <a href=\"http:\/\/www.panorama-cinema.com\/V2\/article.php?categorie=10\"><i>Panorama-cin\u00e9ma<\/i><\/a>, 2010-2011**<\/p>\n<p style=\"text-align: left;\">** avec Alexandre Fontaine Rousseau<\/p>\n","protected":false},"excerpt":{"rendered":"<p>Livres :: Comment les paradis fiscaux ont ruin\u00e9 mon petit-d\u00e9jeuner, \u00c9cosoci\u00e9t\u00e9, 2019 :: Poulet grain-grain, La Mauvaise t\u00eate, 2013** :: Pinkerton, Collection Colosse, 2011 \/ La Mauvaise t\u00eate, 2012** A titre d&rsquo;illustrateur :: D\u00e9connexion : autopsie sociale et environnementale du num\u00e9rique de Centre international de solidarit\u00e9 ouvri\u00e8re (CISO), 2025 :: Chasse aux indices de Martine [&hellip;]<\/p>\n","protected":false},"author":1,"featured_media":0,"parent":0,"menu_order":0,"comment_status":"closed","ping_status":"open","template":"","meta":{"jetpack_post_was_ever_published":false,"footnotes":""},"class_list":["post-18","page","type-page","status-publish","hentry"],"jetpack_shortlink":"https:\/\/wp.me\/P7xCqO-i","jetpack-related-posts":[{"id":2,"url":"https:\/\/samsondunlop.com\/?page_id=2","url_meta":{"origin":18,"position":0},"title":"\u00c0 propos","author":"Fran\u00e7ois Samson-Dunlop","date":"19 d\u00e9cembre 2013","format":false,"excerpt":"BiographieNatif d\u2019Aylmer, banlieue tranquille de Gatineau (Qu\u00e9bec), Fran\u00e7ois est illustrateur et b\u00e9d\u00e9iste. Il a publi\u00e9 des bandes dessin\u00e9es chez Colosse, La Mauvaise T\u00eate et Ecosoci\u00e9t\u00e9.Plus r\u00e9cemment, il a illustr\u00e9 divers projets chez Bayard Jeunesse Canada ainsi que pour les \u00e9diteurs scolaires ERPI et CEC ServicesBesoin d\u2019un coup de pouce pour\u2026","rel":"","context":"Article similaire","block_context":{"text":"Article similaire","link":""},"img":{"alt_text":"","src":"https:\/\/i0.wp.com\/samsondunlop.com\/wp-content\/uploads\/2026\/02\/CV-avatar-dessin-2026-linkedin.jpg?resize=350%2C200&ssl=1","width":350,"height":200,"srcset":"https:\/\/i0.wp.com\/samsondunlop.com\/wp-content\/uploads\/2026\/02\/CV-avatar-dessin-2026-linkedin.jpg?resize=350%2C200&ssl=1 1x, https:\/\/i0.wp.com\/samsondunlop.com\/wp-content\/uploads\/2026\/02\/CV-avatar-dessin-2026-linkedin.jpg?resize=525%2C300&ssl=1 1.5x, https:\/\/i0.wp.com\/samsondunlop.com\/wp-content\/uploads\/2026\/02\/CV-avatar-dessin-2026-linkedin.jpg?resize=700%2C400&ssl=1 2x, https:\/\/i0.wp.com\/samsondunlop.com\/wp-content\/uploads\/2026\/02\/CV-avatar-dessin-2026-linkedin.jpg?resize=1050%2C600&ssl=1 3x"},"classes":[]}],"jetpack_sharing_enabled":true,"_links":{"self":[{"href":"https:\/\/samsondunlop.com\/index.php?rest_route=\/wp\/v2\/pages\/18","targetHints":{"allow":["GET"]}}],"collection":[{"href":"https:\/\/samsondunlop.com\/index.php?rest_route=\/wp\/v2\/pages"}],"about":[{"href":"https:\/\/samsondunlop.com\/index.php?rest_route=\/wp\/v2\/types\/page"}],"author":[{"embeddable":true,"href":"https:\/\/samsondunlop.com\/index.php?rest_route=\/wp\/v2\/users\/1"}],"replies":[{"embeddable":true,"href":"https:\/\/samsondunlop.com\/index.php?rest_route=%2Fwp%2Fv2%2Fcomments&post=18"}],"version-history":[{"count":43,"href":"https:\/\/samsondunlop.com\/index.php?rest_route=\/wp\/v2\/pages\/18\/revisions"}],"predecessor-version":[{"id":22684,"href":"https:\/\/samsondunlop.com\/index.php?rest_route=\/wp\/v2\/pages\/18\/revisions\/22684"}],"wp:attachment":[{"href":"https:\/\/samsondunlop.com\/index.php?rest_route=%2Fwp%2Fv2%2Fmedia&parent=18"}],"curies":[{"name":"wp","href":"https:\/\/api.w.org\/{rel}","templated":true}]}}