{"id":2,"date":"2013-12-19T14:03:33","date_gmt":"2013-12-19T14:03:33","guid":{"rendered":"http:\/\/samsondunlop.com\/?page_id=2"},"modified":"2026-02-12T13:11:57","modified_gmt":"2026-02-12T12:11:57","slug":"page-d-exemple","status":"publish","type":"page","link":"https:\/\/samsondunlop.com\/?page_id=2","title":{"rendered":"\u00c0 propos"},"content":{"rendered":"\n<figure class=\"wp-block-image aligncenter size-large is-resized\"><a href=\"https:\/\/i0.wp.com\/samsondunlop.com\/wp-content\/uploads\/2026\/02\/CV-avatar-dessin-2026-linkedin.jpg?ssl=1\"><img data-recalc-dims=\"1\" loading=\"lazy\" decoding=\"async\" width=\"1024\" height=\"977\" data-attachment-id=\"22729\" data-permalink=\"https:\/\/samsondunlop.com\/?attachment_id=22729\" data-orig-file=\"https:\/\/i0.wp.com\/samsondunlop.com\/wp-content\/uploads\/2026\/02\/CV-avatar-dessin-2026-linkedin.jpg?fit=1229%2C1173&amp;ssl=1\" data-orig-size=\"1229,1173\" data-comments-opened=\"0\" data-image-meta=\"{&quot;aperture&quot;:&quot;0&quot;,&quot;credit&quot;:&quot;&quot;,&quot;camera&quot;:&quot;&quot;,&quot;caption&quot;:&quot;&quot;,&quot;created_timestamp&quot;:&quot;0&quot;,&quot;copyright&quot;:&quot;&quot;,&quot;focal_length&quot;:&quot;0&quot;,&quot;iso&quot;:&quot;0&quot;,&quot;shutter_speed&quot;:&quot;0&quot;,&quot;title&quot;:&quot;&quot;,&quot;orientation&quot;:&quot;1&quot;}\" data-image-title=\"CV-avatar-dessin-2026-linkedin\" data-image-description=\"\" data-image-caption=\"\" data-medium-file=\"https:\/\/i0.wp.com\/samsondunlop.com\/wp-content\/uploads\/2026\/02\/CV-avatar-dessin-2026-linkedin.jpg?fit=300%2C286&amp;ssl=1\" data-large-file=\"https:\/\/i0.wp.com\/samsondunlop.com\/wp-content\/uploads\/2026\/02\/CV-avatar-dessin-2026-linkedin.jpg?fit=1024%2C977&amp;ssl=1\" src=\"https:\/\/i0.wp.com\/samsondunlop.com\/wp-content\/uploads\/2026\/02\/CV-avatar-dessin-2026-linkedin.jpg?resize=1024%2C977&#038;ssl=1\" alt=\"\" class=\"wp-image-22729\" style=\"width:313px;height:auto\" srcset=\"https:\/\/i0.wp.com\/samsondunlop.com\/wp-content\/uploads\/2026\/02\/CV-avatar-dessin-2026-linkedin.jpg?resize=1024%2C977&amp;ssl=1 1024w, https:\/\/i0.wp.com\/samsondunlop.com\/wp-content\/uploads\/2026\/02\/CV-avatar-dessin-2026-linkedin.jpg?resize=300%2C286&amp;ssl=1 300w, https:\/\/i0.wp.com\/samsondunlop.com\/wp-content\/uploads\/2026\/02\/CV-avatar-dessin-2026-linkedin.jpg?resize=768%2C733&amp;ssl=1 768w, https:\/\/i0.wp.com\/samsondunlop.com\/wp-content\/uploads\/2026\/02\/CV-avatar-dessin-2026-linkedin.jpg?w=1229&amp;ssl=1 1229w\" sizes=\"auto, (max-width: 1000px) 100vw, 1000px\" \/><\/a><\/figure>\n\n\n\n<p><strong>Biographie<\/strong><br><em>Natif d\u2019Aylmer, banlieue tranquille de Gatineau (Qu\u00e9bec), Fran\u00e7ois est illustrateur et b\u00e9d\u00e9iste. Il a publi\u00e9 des bandes dessin\u00e9es chez Colosse, La Mauvaise T\u00eate et Ecosoci\u00e9t\u00e9.<br>Plus r\u00e9cemment, il a illustr\u00e9 divers projets chez Bayard Jeunesse Canada ainsi que pour les \u00e9diteurs scolaires ERPI et CEC<\/em><\/p>\n\n\n\n<figure class=\"wp-block-image size-large\"><a href=\"https:\/\/i0.wp.com\/samsondunlop.com\/wp-content\/uploads\/2026\/02\/2026-Kig-ha-Farz-pot.jpg?ssl=1\"><img data-recalc-dims=\"1\" loading=\"lazy\" decoding=\"async\" width=\"1024\" height=\"754\" data-attachment-id=\"22732\" data-permalink=\"https:\/\/samsondunlop.com\/?attachment_id=22732\" data-orig-file=\"https:\/\/i0.wp.com\/samsondunlop.com\/wp-content\/uploads\/2026\/02\/2026-Kig-ha-Farz-pot.jpg?fit=1500%2C1105&amp;ssl=1\" data-orig-size=\"1500,1105\" data-comments-opened=\"0\" data-image-meta=\"{&quot;aperture&quot;:&quot;0&quot;,&quot;credit&quot;:&quot;&quot;,&quot;camera&quot;:&quot;&quot;,&quot;caption&quot;:&quot;&quot;,&quot;created_timestamp&quot;:&quot;0&quot;,&quot;copyright&quot;:&quot;&quot;,&quot;focal_length&quot;:&quot;0&quot;,&quot;iso&quot;:&quot;0&quot;,&quot;shutter_speed&quot;:&quot;0&quot;,&quot;title&quot;:&quot;&quot;,&quot;orientation&quot;:&quot;1&quot;}\" data-image-title=\"2026-Kig-ha-Farz-pot\" data-image-description=\"\" data-image-caption=\"\" data-medium-file=\"https:\/\/i0.wp.com\/samsondunlop.com\/wp-content\/uploads\/2026\/02\/2026-Kig-ha-Farz-pot.jpg?fit=300%2C221&amp;ssl=1\" data-large-file=\"https:\/\/i0.wp.com\/samsondunlop.com\/wp-content\/uploads\/2026\/02\/2026-Kig-ha-Farz-pot.jpg?fit=1024%2C754&amp;ssl=1\" src=\"https:\/\/i0.wp.com\/samsondunlop.com\/wp-content\/uploads\/2026\/02\/2026-Kig-ha-Farz-pot.jpg?resize=1024%2C754&#038;ssl=1\" alt=\"\" class=\"wp-image-22732\" srcset=\"https:\/\/i0.wp.com\/samsondunlop.com\/wp-content\/uploads\/2026\/02\/2026-Kig-ha-Farz-pot.jpg?resize=1024%2C754&amp;ssl=1 1024w, https:\/\/i0.wp.com\/samsondunlop.com\/wp-content\/uploads\/2026\/02\/2026-Kig-ha-Farz-pot.jpg?resize=300%2C221&amp;ssl=1 300w, https:\/\/i0.wp.com\/samsondunlop.com\/wp-content\/uploads\/2026\/02\/2026-Kig-ha-Farz-pot.jpg?resize=768%2C566&amp;ssl=1 768w, https:\/\/i0.wp.com\/samsondunlop.com\/wp-content\/uploads\/2026\/02\/2026-Kig-ha-Farz-pot.jpg?w=1500&amp;ssl=1 1500w\" sizes=\"auto, (max-width: 1000px) 100vw, 1000px\" \/><\/a><\/figure>\n\n\n\n<p><strong>Services<\/strong><br \/>Besoin d\u2019un coup de pouce pour augmenter l\u2019efficacit\u00e9 de votre communication interne ou externe ? Vous souhaitez ajouter un peu de l\u00e9g\u00e8ret\u00e9 ou d\u2019humour \u00e0 des documents barbants ? Faites appel \u00e0 mes services.<\/p>\n<ul class=\"wp-block-list\">\n<li>Cr\u00e9ation sur mesure de courtes bandes dessin\u00e9es<\/li>\n<li>Cartes mentales ou mises en dessin de sch\u00e9ma, statistiques, etc.<\/li>\n<li>Illustration jeunesse<\/li>\n<li>Dessin de presse<\/li>\n<li>Cr\u00e9ation de logo \u00ab\u00a0type BD\u00a0\u00bb<\/li>\n<\/ul>\n<p><strong><br \/>Contact :<\/strong><br \/>francois.samson.dunlop(arobas)riseup.net<\/p>\n","protected":false},"excerpt":{"rendered":"<p>BiographieNatif d\u2019Aylmer, banlieue tranquille de Gatineau (Qu\u00e9bec), Fran\u00e7ois est illustrateur et b\u00e9d\u00e9iste. Il a publi\u00e9 des bandes dessin\u00e9es chez Colosse, La Mauvaise T\u00eate et Ecosoci\u00e9t\u00e9.Plus r\u00e9cemment, il a illustr\u00e9 divers projets chez Bayard Jeunesse Canada ainsi que pour les \u00e9diteurs scolaires ERPI et CEC ServicesBesoin d\u2019un coup de pouce pour augmenter l\u2019efficacit\u00e9 de votre communication [&hellip;]<\/p>\n","protected":false},"author":1,"featured_media":0,"parent":0,"menu_order":0,"comment_status":"closed","ping_status":"open","template":"","meta":{"jetpack_post_was_ever_published":false,"footnotes":""},"class_list":["post-2","page","type-page","status-publish","hentry"],"jetpack_shortlink":"https:\/\/wp.me\/P7xCqO-2","jetpack-related-posts":[{"id":18,"url":"https:\/\/samsondunlop.com\/?page_id=18","url_meta":{"origin":2,"position":0},"title":"Publications","author":"Fran\u00e7ois Samson-Dunlop","date":"19 d\u00e9cembre 2013","format":false,"excerpt":"Livres :: Comment les paradis fiscaux ont ruin\u00e9 mon petit-d\u00e9jeuner, \u00c9cosoci\u00e9t\u00e9, 2019 :: Poulet grain-grain, La Mauvaise t\u00eate, 2013** :: Pinkerton, Collection Colosse, 2011 \/ La Mauvaise t\u00eate, 2012** A titre d'illustrateur :: D\u00e9connexion : autopsie sociale et environnementale du num\u00e9rique de Centre international de solidarit\u00e9 ouvri\u00e8re (CISO), 2025 ::\u2026","rel":"","context":"Article similaire","block_context":{"text":"Article similaire","link":""},"img":{"alt_text":"","src":"","width":0,"height":0},"classes":[]}],"jetpack_sharing_enabled":true,"_links":{"self":[{"href":"https:\/\/samsondunlop.com\/index.php?rest_route=\/wp\/v2\/pages\/2","targetHints":{"allow":["GET"]}}],"collection":[{"href":"https:\/\/samsondunlop.com\/index.php?rest_route=\/wp\/v2\/pages"}],"about":[{"href":"https:\/\/samsondunlop.com\/index.php?rest_route=\/wp\/v2\/types\/page"}],"author":[{"embeddable":true,"href":"https:\/\/samsondunlop.com\/index.php?rest_route=\/wp\/v2\/users\/1"}],"replies":[{"embeddable":true,"href":"https:\/\/samsondunlop.com\/index.php?rest_route=%2Fwp%2Fv2%2Fcomments&post=2"}],"version-history":[{"count":31,"href":"https:\/\/samsondunlop.com\/index.php?rest_route=\/wp\/v2\/pages\/2\/revisions"}],"predecessor-version":[{"id":22733,"href":"https:\/\/samsondunlop.com\/index.php?rest_route=\/wp\/v2\/pages\/2\/revisions\/22733"}],"wp:attachment":[{"href":"https:\/\/samsondunlop.com\/index.php?rest_route=%2Fwp%2Fv2%2Fmedia&parent=2"}],"curies":[{"name":"wp","href":"https:\/\/api.w.org\/{rel}","templated":true}]}}